{"id":74,"date":"2018-06-11T11:43:44","date_gmt":"2018-06-11T11:43:44","guid":{"rendered":"http:\/\/www.schnaps.co.at\/?page_id=74"},"modified":"2020-05-24T09:49:46","modified_gmt":"2020-05-24T09:49:46","slug":"links","status":"publish","type":"page","link":"https:\/\/www.schnaps.co.at\/de\/links\/","title":{"rendered":"Links zum Destillieren und Brennen von Schnaps"},"content":{"rendered":"<div class=\"link-grid\">\n<div class=\"row align-center\">\n<div class=\"small-6 medium-4 columns text-center\"><a href=\"http:\/\/www.schnapsbrennen.at\/\"><img decoding=\"async\" src=\"http:\/\/www.schnaps.co.at\/wp-content\/uploads\/sites\/8\/2018\/06\/distilling-spirits_625x275-300x132.jpg\" title=\"Schnapsbrennen als Hobby: Brennanlagen, Destillen, B\u00fccher, Seminare, Zubeh\u00f6r\" alt=\"Schnapsbrennen als Hobby: Brennanlagen, Destillen, B\u00fccher, Seminare, Zubeh\u00f6r\"><\/a><\/div>\n<div class=\"small-6 medium-4 columns\">Diese homepage zum <a href=\"http:\/\/www.schnapsbrennen.at\/\">Schnapsbrennen als Hobby<\/a> bietet ausgezeichnete Informationen f\u00fcr Personen, die Schnaps selbst brennen m\u00f6chten: Brennanlagen, Hefe, Zubeh\u00f6r, B\u00fccher, Seminare, Foren, Berechnungen, Rezepte.<\/div>\n<\/div>\n<hr>\n<div class=\"row align-center\">\n<div class=\"small-6 medium-4 columns text-center\"><a href=\"http:\/\/www.aetherischesoel.at\/\"><img decoding=\"async\" src=\"http:\/\/www.schnaps.co.at\/wp-content\/uploads\/sites\/8\/2018\/06\/essential-oil_625x275-300x132.jpg\" alt=\"\u00c4therische \u00d6le und Hydrolate selbst herstellen\" title=\"\u00c4therische \u00d6le und Hydrolate selbst herstellen\"><\/a><\/div>\n<div class=\"small-6 medium-4 columns\">Wie kann man <a href=\"http:\/\/www.aetherischesoel.at\/\">\u00e4therische \u00d6le und Hydrolate<\/a> selbst destillieren? Hier finden Sie Destillen, Zubeh\u00f6r, B\u00fccher, Seminare und Foren.<\/div>\n<\/div>\n<hr>\n<div class=\"row align-center\">\n<div class=\"small-6 medium-4 columns text-center\"><a href=\"http:\/\/www.essigherstellung.at\/\"><img decoding=\"async\" src=\"http:\/\/www.schnaps.co.at\/wp-content\/uploads\/sites\/8\/2018\/06\/vinegar_f-300x132.jpg\" alt=\"Essig selber machen\" title=\"Essig selber machen\"><\/a><\/div>\n<div class=\"small-6 medium-4 columns\"><a href=\"http:\/\/www.essigherstellung.at\/\">Essig<\/a> von bester Qualit\u00e4t zu Hause selbst verg\u00e4ren. Auf unserer homepage finden Sie Essiganlagen, S\u00e4ureanalyseger\u00e4te, Alkoholanalysen, Zubeh\u00f6r, B\u00fccher, Seminare, Foren und zahlreiche Berechnungen.<\/div>\n<\/div>\n<hr>\n<div class=\"row align-center\">\n<div class=\"small-6 medium-4 columns text-center\"><a href=\"http:\/\/www.malle-schmickl.com\/\"><img loading=\"lazy\" decoding=\"async\" src=\"http:\/\/www.schnaps.co.at\/wp-content\/uploads\/sites\/8\/2018\/06\/malle-schmickl_625x275-300x132.jpg\" alt=\"Schnaps selbst brennen - \u00c4therische \u00d6le und Hydrolate destillieren - Essig selbst verg\u00e4ren\" title=\"Schnaps selbst brennen - \u00c4therische \u00d6le und Hydrolate destillieren - Essig selbst verg\u00e4ren\" width=\"300\" height=\"132\" class=\"alignnone size-medium wp-image-357\" srcset=\"https:\/\/www.malle-schmickl.at\/wp-content\/uploads\/sites\/8\/2018\/06\/malle-schmickl_625x275-300x132.jpg 300w, https:\/\/www.malle-schmickl.at\/wp-content\/uploads\/sites\/8\/2018\/06\/malle-schmickl_625x275.jpg 625w, https:\/\/www.malle-schmickl.at\/wp-content\/uploads\/sites\/8\/2018\/06\/malle-schmickl_625x275-190x84.jpg 190w, https:\/\/www.malle-schmickl.at\/wp-content\/uploads\/sites\/8\/2018\/06\/malle-schmickl_625x275-150x66.jpg 150w\" sizes=\"(max-width: 639px) 98vw, (max-width: 1199px) 64vw, 300px\" \/><\/a><\/div>\n<div class=\"small-6 medium-4 columns\">Dieses Portal zum <a href=\"http:\/\/www.malle-schmickl.com\/\">Schnapsbrennen, Destillieren \u00e4therischer \u00d6le und Essig verg\u00e4ren<\/a> bietet alle Infos, die Sie zum Selbermachen ben\u00f6tigen. Neben Blogs, Videos, Berechnungen, Foren, Galerien finden Sie auch s\u00e4mtliche Ger\u00e4te, die Sie f\u00fcr die Herstellung von Schnaps, \u00e4therischem \u00d6l und Essig brauchen.<\/div>\n<\/div>\n<\/div>\n","protected":false},"excerpt":{"rendered":"<p>Diese homepage zum Schnapsbrennen als Hobby bietet ausgezeichnete Informationen f\u00fcr Personen, die Schnaps selbst brennen m\u00f6chten: Brennanlagen, Hefe, Zubeh\u00f6r, B\u00fccher, Seminare, Foren, Berechnungen, Rezepte. Wie kann man \u00e4therische \u00d6le und Hydrolate selbst destillieren? Hier finden Sie Destillen, Zubeh\u00f6r, B\u00fccher, Seminare und Foren. Essig von bester Qualit\u00e4t zu Hause selbst verg\u00e4ren. Auf unserer homepage finden Sie [&hellip;]<\/p>\n","protected":false},"author":1,"featured_media":0,"parent":0,"menu_order":0,"comment_status":"closed","ping_status":"closed","template":"page-templates\/page-full-width.php","meta":{"_acf_changed":false,"footnotes":""},"class_list":["post-74","page","type-page","status-publish","hentry"],"acf":[],"_links":{"self":[{"href":"https:\/\/www.schnaps.co.at\/de\/wp-json\/wp\/v2\/pages\/74","targetHints":{"allow":["GET"]}}],"collection":[{"href":"https:\/\/www.schnaps.co.at\/de\/wp-json\/wp\/v2\/pages"}],"about":[{"href":"https:\/\/www.schnaps.co.at\/de\/wp-json\/wp\/v2\/types\/page"}],"author":[{"embeddable":true,"href":"https:\/\/www.schnaps.co.at\/de\/wp-json\/wp\/v2\/users\/1"}],"replies":[{"embeddable":true,"href":"https:\/\/www.schnaps.co.at\/de\/wp-json\/wp\/v2\/comments?post=74"}],"version-history":[{"count":25,"href":"https:\/\/www.schnaps.co.at\/de\/wp-json\/wp\/v2\/pages\/74\/revisions"}],"predecessor-version":[{"id":477,"href":"https:\/\/www.schnaps.co.at\/de\/wp-json\/wp\/v2\/pages\/74\/revisions\/477"}],"wp:attachment":[{"href":"https:\/\/www.schnaps.co.at\/de\/wp-json\/wp\/v2\/media?parent=74"}],"curies":[{"name":"wp","href":"https:\/\/api.w.org\/{rel}","templated":true}]}}