{"id":64,"date":"2018-06-11T10:47:23","date_gmt":"2018-06-11T10:47:23","guid":{"rendered":"http:\/\/www.schnaps.co.at\/?page_id=64"},"modified":"2018-06-16T07:55:03","modified_gmt":"2018-06-16T07:55:03","slug":"schnapsseminar","status":"publish","type":"page","link":"https:\/\/www.schnaps.co.at\/de\/schnapsseminar\/","title":{"rendered":"Schnapsseminar: Destillieren und Brennen von Schnaps"},"content":{"rendered":"<div class=\"row align-center\">\n<div class=\"small-8 columns text-center\">\n<h4>Brennkurs f\u00fcr Hobbybrenner\/innen (1 1\/2 t\u00e4gig)<\/h4>\n<\/div>\n<\/div>\n<div class=\"row align-center\">\n<p class=\"small-8 columns\">\nLernen Sie im Schnapsbrennseminar die Grundlagen zur Herstellung hochqualitativer Edelbr\u00e4nde in Theorie und Praxis kennen. Es wird der gesamte Herstellungsproze\u00df, von der Frucht bis zur richtigen Abf\u00fcllung und Etikettierung behandelt. Brennen Sie selbst mit kleinen anmeldefreien Destillierger\u00e4ten. Degustation von Edelbr\u00e4nden und &#8222;Angesetzten&#8220;.\n<\/p>\n<\/div>\n<div class=\"row align-center\">\n<p class=\"small-4 columns text-center\">\n<a class=\"button\" href=\"http:\/\/www.schnapsbrennen.at\/seminare\/programm\/\">Seminarprogramm<\/a>\n<\/p>\n<\/div>\n<div class=\"row\">\n<div class=\"small-2 columns\">\n\t\tSeminarleitung:\n\t<\/div>\n<div class=\"small-10 columns\">\n\t\tDipl.-Ing. Dr. Helge Schmickl<br \/>\n\t\tlangj\u00e4hriger Hobbybrenner\n\t<\/div>\n<div class=\"small-2 columns\">\n\t\tTermine:\n\t<\/div>\n<div class=\"small-10 columns\">\n\t\t<a href=\"http:\/\/www.schnapsbrennen.at\/seminare\/termine\/\">f\u00fcr aktuelle Termine klicken Sie bitte hier<\/a>\n\t<\/div>\n<div class=\"small-2 columns\">\n\t\tKosten:\n\t<\/div>\n<div class=\"small-10 columns\">\n\t\t<a href=\"http:\/\/www.schnapsbrennen.at\/seminare\/termine\/\">Klicken Sie bitte hier<\/a><br \/>\n\t\tinkludierte Leistungen siehe <a href=\"http:\/\/www.schnapsbrennen.at\/seminare\/programm\/\">Seminarprogramm<\/a>\n\t<\/div>\n<div class=\"small-2 columns\">\n\t\tAnmeldung:\n\t<\/div>\n<div class=\"small-10 columns\">\n\t\t<a href=\"http:\/\/www.schnapsbrennen.at\/seminare\/termine\/#anmeldung\">Klicken Sie bitte hier<\/a>\n\t<\/div>\n<div class=\"small-2 columns\">\n\t\tVeranstalltungsort:\n\t<\/div>\n<div class=\"small-10 columns\">\n\t\tKlagenfurt am W\u00f6rthersee in K\u00e4rnten<br \/>\n\t\t(sehr gut auch mit \u00f6ffentlichen Verkehrsmitteln, <br \/> wie zum Beispiel Flugzeug, Bahn und Bus erreichbar)\n\t<\/div>\n<div class=\"small-2 columns\">\n\t\tKontakt:\n\t<\/div>\n<div class=\"small-5 columns\">\n\t\tDr. Helge Schmickl<br \/>\n\t\tDr. Bettina Malle<br \/>\n\t\tEhrentaler Str. 39<br \/>\n\t\tA-9020 Klagenfurt<br \/>\n\t\t\u00d6sterreich\n\t<\/div>\n<div class=\"small-5 columns\">\n\t\tTel: +43 463 43 77 86<br \/>\n\t\tFax: +43 463 43 77 86<br \/>\n\t\t<a href=\"mailto:schmickl@schnapsbrennen.at\">schmickl@schnapsbrennen.at<\/a>\n\t\t\t<\/div>\n<div class=\"small-2 columns\">\n\t\tUnterkunft:\n\t<\/div>\n<div class=\"small-10 columns\">\n\t\tAuf Wunsch lassen wir Ihnen gerne eine Liste mit Unterk\u00fcnften zukommen.<br \/>\n\t\t<strong>Begrenzte Teilnehmerzahl<\/strong>, sodass jeder Teilnehmer an einer <strong>eigenen Brennanlage<\/strong> arbeiten kann!\n\t<\/div>\n<\/div>\n","protected":false},"excerpt":{"rendered":"<p>Brennkurs f\u00fcr Hobbybrenner\/innen (1 1\/2 t\u00e4gig) Lernen Sie im Schnapsbrennseminar die Grundlagen zur Herstellung hochqualitativer Edelbr\u00e4nde in Theorie und Praxis kennen. Es wird der gesamte Herstellungsproze\u00df, von der Frucht bis zur richtigen Abf\u00fcllung und Etikettierung behandelt. Brennen Sie selbst mit kleinen anmeldefreien Destillierger\u00e4ten. Degustation von Edelbr\u00e4nden und &#8222;Angesetzten&#8220;. Seminarprogramm Seminarleitung: Dipl.-Ing. Dr. Helge Schmickl langj\u00e4hriger [&hellip;]<\/p>\n","protected":false},"author":1,"featured_media":0,"parent":0,"menu_order":0,"comment_status":"closed","ping_status":"closed","template":"page-templates\/page-full-width.php","meta":{"_acf_changed":false,"footnotes":""},"class_list":["post-64","page","type-page","status-publish","hentry"],"acf":[],"_links":{"self":[{"href":"https:\/\/www.schnaps.co.at\/de\/wp-json\/wp\/v2\/pages\/64","targetHints":{"allow":["GET"]}}],"collection":[{"href":"https:\/\/www.schnaps.co.at\/de\/wp-json\/wp\/v2\/pages"}],"about":[{"href":"https:\/\/www.schnaps.co.at\/de\/wp-json\/wp\/v2\/types\/page"}],"author":[{"embeddable":true,"href":"https:\/\/www.schnaps.co.at\/de\/wp-json\/wp\/v2\/users\/1"}],"replies":[{"embeddable":true,"href":"https:\/\/www.schnaps.co.at\/de\/wp-json\/wp\/v2\/comments?post=64"}],"version-history":[{"count":15,"href":"https:\/\/www.schnaps.co.at\/de\/wp-json\/wp\/v2\/pages\/64\/revisions"}],"predecessor-version":[{"id":449,"href":"https:\/\/www.schnaps.co.at\/de\/wp-json\/wp\/v2\/pages\/64\/revisions\/449"}],"wp:attachment":[{"href":"https:\/\/www.schnaps.co.at\/de\/wp-json\/wp\/v2\/media?parent=64"}],"curies":[{"name":"wp","href":"https:\/\/api.w.org\/{rel}","templated":true}]}}