{"id":58,"date":"2018-06-11T10:38:22","date_gmt":"2018-06-11T10:38:22","guid":{"rendered":"http:\/\/www.schnaps.co.at\/?page_id=58"},"modified":"2018-06-11T10:38:30","modified_gmt":"2018-06-11T10:38:30","slug":"produktbeschreibung","status":"publish","type":"page","link":"https:\/\/www.schnaps.co.at\/de\/anlagen-geraete-und-materialen-zum-schnapsbrennen\/produktbeschreibung\/","title":{"rendered":"Produktbeschreibung: Anlagen und Zubeh\u00f6r zum Brennen und Destillieren"},"content":{"rendered":"<h4>Grundausstattung<\/h4>\n<p>Zur Grundausstattung geh\u00f6rt neben einer Anlage ein Me\u00dfset, um das Destillat richtig zu verd\u00fcnnen und den Alkoholgehalt des Brenngutes (Maische, Wein) messen zu k\u00f6nnen. Die Anlage und die einzelnen Teile des Me\u00dfsets (Ar\u00e4ometer + Vinometer + Me\u00dfzylinder) sind in der Produktbeschreibung weiter unten genau erkl\u00e4rt.<br \/>\nF\u00fcr das Einmaischen von Obst (Verg\u00e4rung) ist die Reinzuchthefe (f\u00fcr 20%vol Alkohol) notwendig, um Fehlg\u00e4rungen, die giftige Substanzen erzeugen, zu verhindern und wegen des hohen Alkoholgehaltes, der ein zweifaches Brennen (Destillieren) nicht mehr notwendig macht.<br \/>\nF\u00fcr Anf\u00e4nger ist weiters das Handbuch dringendst anzuraten, darin wird der gesamte Vorgang von der Frucht bis zum fertigen Destillat sehr detailliert beschrieben, sowie zahlreiche Tipps und Tricks f\u00fcr Hobbybrenner, die auch f\u00fcr Fortgeschrittene interessante Anregungen zum Ausprobieren sind.<br \/>\nNeueste Erkenntnisse und \u00fcber das Buch hinausgehendes Praxiswissen \u00fcber das Brennen wird im Seminar vermittelt. Da jeder Teilnehmer mit einer eigenen Anlage arbeitet, k\u00f6nnen hier viele Variationen ausprobiert werden, die zu Hause wegen der Angst vor Mi\u00dferfolgen nicht gemacht werden. Es mu\u00df nicht immer Maische sein!\u00a0<b><\/b><\/p>\n<hr \/>\n<h4>Die folgende Beschreibung soll Ihnen einen \u00dcberblick der einzelnen Produkte und ihrer Anwendungsgebiete geben:<\/h4>\n<h5><em>Die Brennanlage<\/em><\/h5>\n<ul>\n<li>Die Brennanlage wird inklusive einer ausf\u00fchrlichen Gebrauchsanleitung geliefert, soda\u00df Sie ohne Probleme sofort mit der Arbeit beginnen k\u00f6nnen.<\/li>\n<li>Die Anlage kann auch zum Destillieren von Bier, Wein, Kr\u00e4utern oder zur Herstellung von \u00e4therischen \u00d6len (z.B. Rosen\u00f6l, Zitrus\u00f6l) mittels Wasserdampfdestillation verwendet werden.<\/li>\n<li>Ein Brennvorgang dauert mit dem Leistungsbrenner (Spiritus) je nach Kesselgr\u00f6\u00dfe ca. 30-45 Minuten. Mit einer 5 Liter Anlage k\u00f6nnen Sie, je nach Alkoholgehaltes des Brenngutes, 1 1\/2 bis 4 Liter hochprozentigen Schnaps je Vorgang erzeugen, den Sie anschlie\u00dfend mit destilliertem Wasser auf Trinkst\u00e4rke verd\u00fcnnen (dazu dient das Me\u00dfset).<\/li>\n<li>Durch den mitgelieferten Anbrennschutz (nur bei 2 und 5 Liter Ger\u00e4t) ist es nicht mehr notwendig, die Maische vor dem Brennen zu filtrieren. Dadurch erh\u00f6ht sich die Ausbeute, da in den Fr\u00fcchten sehr viel Alkohol enthalten ist, au\u00dferdem gibt es viel weniger Aromaverlust (die Fr\u00fcchte sind in der Regel noch sehr geschmackvoll).<\/li>\n<li>Der Aromakorb (nur bei 2 und 5 Liter Ger\u00e4t) dient zur Herstellung eines Geistes: Geben Sie Fr\u00fcchte oder Kr\u00e4uter wie z.B. Himbeeren (frisch oder gefroren), Wacholderbeeren (holl\u00e4ndischer Jenever wird so hergestellt) oder Wermut, Salbei u.s.w. in den Korb. Durch das \u00dcberdestillieren von Wein oder geschmacksarmen Schnaps wie z.B. Wodka oder Korn nimmt der Dampf die Aromastoffe aus dem Korb auf und Sie erhalten einen ausgezeichneten Geist.<\/li>\n<li>Das Thermometer hat einen Bereich von 0 bis 120\u00b0C und ist auf 1\/2 Grad genau ablesbar. Der Me\u00dfpunkt ist genau an der h\u00f6chsten Stelle des noch nicht abgek\u00fchlten Dampfes, es wird somit die exakte Dampftemperatur gemessen. Dies ist besonders wichtig, da falsche Messungen zu Unterschieden von 10\u00b0C oder mehr f\u00fchren k\u00f6nnen!<\/li>\n<li>Die K\u00fchlung besteht aus einer ca. 15 cm hohen Kupferspirale und einem Kupferbeh\u00e4lter, der oben offen ist, f\u00fcr den Fall, da\u00df kein Flie\u00dfwasser zur Verf\u00fcgung steht. Der Beh\u00e4lter hat f\u00fcr den Anschlu\u00df an einem Wasserhahn einen Ein- und Ausla\u00dfstutzen (St\u00f6psel werden mitgeliefert), es ist auch m\u00f6glich, die K\u00fchlung mittels einer Umw\u00e4lzpumpe (nicht im Lieferumfang) wie bei Zimmerspringbrunnen zu betreiben.<\/li>\n<li>Der Verschlu\u00df des Kessels erfolgt mit einem schraubbaren Hebel, f\u00fcr die Dichtheit sorgt ein entsprechender Dichtungsring.<\/li>\n<\/ul>\n<h5><em>Ar\u00e4ometer<\/em><\/h5>\n<p>Nach dem Brennen ist es notwendig, den gewonnenen Alkohol auf Trinkst\u00e4rke zu verd\u00fcnnen, daf\u00fcr wird das Ar\u00e4ometer benutzt. Da die Anzeige stark temperaturabh\u00e4ngig ist, ist das Ger\u00e4t mit Thermometer und Korrekturskala ausgestattet.<\/p>\n<h5><em>Vinometer<\/em><\/h5>\n<p>Bei Alkoholkonzentrationen kleiner als 20%vol wird das Ar\u00e4ometer sehr ungenau, daher ist f\u00fcr diesen Bereich (Wein, Maische, Most, Bier-St\u00e4rke) das Vinometer zu verwenden.<\/p>\n<h5><em>Messzylinder<\/em><\/h5>\n<p>Dient einerseits als hohes d\u00fcnnes Gef\u00e4\u00df f\u00fcr die Alkoholgradmessung mit dem Ar\u00e4ometer, durch die Skalierung in ml Einteilung k\u00f6nnen jedoch auch kleine Fl\u00fcssigkeitsmengen z.B. zum Verd\u00fcnnen genau bestimmt werden. Der gro\u00dfe gl\u00e4sernen Sechskantfu\u00df sorgt f\u00fcr eine gute Standfestigkeit.<\/p>\n<h5><em>Reinzuchthefe<\/em><\/h5>\n<p>Durch Beigabe von Zucker und dieser schwedischen Spezialhefe k\u00f6nnen Sie bereits in der Maische einen Alkoholgehalt von 20%vol erhalten. Sie m\u00fcssen nicht mehr zweimal brennen (dadurch mehr Ausbeute und Aroma), au\u00dferdem werden giftige Fehlg\u00e4rungen verhindert.<\/p>\n<h5><em>Diverse Hefen\u00e4hrsalze<\/em><\/h5>\n<p>Hefe und Vitamine\/Enzyme in einem, zur Verhinderung von Fehlg\u00e4rungen. Unterschiedlich je nach Obstsorte, um eine optimale Verg\u00e4rung zu gew\u00e4hrleisten.<\/p>\n<h5><em>pH-Messst\u00e4bchen<\/em><\/h5>\n<p>Der pH-Wert ist das Ma\u00df f\u00fcr den S\u00e4uregehalt, das Wachstum der Hefebakterien ist stark pH abh\u00e4ngig. So darf in der Maische der pH-Wert niemals zu hoch oder zu nieder sein. Dies w\u00fcrde die gew\u00fcnschten Hefen zerst\u00f6ren bzw. das Wachstum falscher Bakterien f\u00f6rdern (Fehlg\u00e4rungen). Fehlg\u00e4rungen erzeugen den giftigen Vorlauf. Mit den Me\u00dfst\u00e4bchen kann der pH-Wert gemessen werden, sie sind speziell f\u00fcr den bei der G\u00e4rung wichtigen Bereich ausgerichtet und zeigen diesen besonders genau an.<\/p>\n<h5><em>Biogen M Fruchts\u00e4urekonzentrat<\/em><\/h5>\n<p>Durch die Beigabe von Biogen-M Fruchs\u00e4urekonzentrat wird in der Maische der richtige pH-Wert eingestellt, wenn die bereits in der Frucht vorhandene S\u00e4ure daf\u00fcr nicht ausreicht.<\/p>\n<h5><em>Verfl\u00fcssiger Spezial<\/em><\/h5>\n<p>Hefebakterien k\u00f6nnen Fruchtzucker nur dann in Alkohol umwandeln, wenn dieser in Wasser gel\u00f6st ist. Die im Verfl\u00fcssiger enthaltenen Enzyme zerst\u00f6ren w\u00e4hrend der Verg\u00e4rung die Zellw\u00e4nde des Obstes, der Fruchtzucker und die Aromen l\u00f6sen sich im Wasser, das Ganze wird ein sehr d\u00fcnnfl\u00fcssiger Brei. D\u00fcnnfl\u00fcssige Maischen haben noch einen weiteren Vortiel: die Gefahr des Anbrennens und auch Siedeverz\u00fcge sind wesentlich geringer.<\/p>\n<h5><em>Antischaum<\/em><\/h5>\n<p>Beim Destillieren von Maische\/Wein\/Bier etc. kann durch das Kochen das Brenngut stark sch\u00e4umen, und so bis in den Dampf- und K\u00fchlbereich der Anlage vordringen. Dies f\u00fchrt zu einer falschen Dampftemperaturangabe oder noch schlimmer, es kann zu Verstopfungen in der Anlage kommen. Durch die Beigabe einiger Tropfen Antischaum wird dies wirksam verhindert.<\/p>\n<h5><em>Aktivkohle<\/em><\/h5>\n<p>Nicht erw\u00fcnschter Geschmack und Aroma in Schnaps oder Wein\/Most kann durch Zugabe von Aktivkohle entfernt werden, wird das Ganze anschlie\u00dfend destilliert, ist das Destillat geschmacklos und aromafrei. Wird der Nachlauf auf diese Weise behandelt, entsteht reiner, geschmackloser Alkohol, ein ausgezeichneter Grundstoff f\u00fcr Angesetzte.<\/p>\n<h5><em>Vorlaufabtrennungstest<\/em><\/h5>\n<p>Der Vorlaufabtrennungstest nach Pieper dient zur Bestimmung des Gehalts an Vorlaufbestantdteilen in Obstbr\u00e4nden. Der Lieferumfang umfa\u00dft die notwendigen Arbeitsmittel wie Becherglas, Spritzen, Farbbewertungstafel, Reagenzglas und Anleitung. Weiters nat\u00fcrlich die Reagenzien f\u00fcr 10 Bestimmungen. Durch das Zusammensch\u00fctten von drei verschiedenen Reagenzien mit der Probe (5ml) kommt es zu einer spezifischen Farbbildung. Anhand der mitgelieferten Farbtafel k\u00f6nnen Sie so einfach \u00fcberpr\u00fcfen, ob Ihr Destillat Vorlauf enth\u00e4lt.<\/p>\n<h5><em>Faltenfilter<\/em><\/h5>\n<p>Dieser extrem feine Faltenfilter f\u00fcr Spirituosen beseitigt die meisten Tr\u00fcbungen. Er ist mehrmals wiederverwendbar.<\/p>\n<h5><em>G\u00e4rspund und dazupassender Stopfen<\/em><\/h5>\n<p>Wenn Sie einen G\u00e4rspund auf das zu g\u00e4rende Maischefa\u00df geben, kann w\u00e4hrend der Verg\u00e4rung keine Luft, keine Fliegen und M\u00fccken hinzukommen, dadurch wird die Maische nicht durch falsche Bakterien verunreinigt (verursacht Fehlg\u00e4rungen) bzw. durch den Luftsauerstoff zu Essig oxidiert..<\/p>\n","protected":false},"excerpt":{"rendered":"<p>Grundausstattung Zur Grundausstattung geh\u00f6rt neben einer Anlage ein Me\u00dfset, um das Destillat richtig zu verd\u00fcnnen und den Alkoholgehalt des Brenngutes (Maische, Wein) messen zu k\u00f6nnen. Die Anlage und die einzelnen Teile des Me\u00dfsets (Ar\u00e4ometer + Vinometer + Me\u00dfzylinder) sind in der Produktbeschreibung weiter unten genau erkl\u00e4rt. F\u00fcr das Einmaischen von Obst (Verg\u00e4rung) ist die Reinzuchthefe [&hellip;]<\/p>\n","protected":false},"author":1,"featured_media":0,"parent":37,"menu_order":0,"comment_status":"closed","ping_status":"closed","template":"page-templates\/page-full-width.php","meta":{"_acf_changed":false,"footnotes":""},"class_list":["post-58","page","type-page","status-publish","hentry"],"acf":[],"_links":{"self":[{"href":"https:\/\/www.schnaps.co.at\/de\/wp-json\/wp\/v2\/pages\/58","targetHints":{"allow":["GET"]}}],"collection":[{"href":"https:\/\/www.schnaps.co.at\/de\/wp-json\/wp\/v2\/pages"}],"about":[{"href":"https:\/\/www.schnaps.co.at\/de\/wp-json\/wp\/v2\/types\/page"}],"author":[{"embeddable":true,"href":"https:\/\/www.schnaps.co.at\/de\/wp-json\/wp\/v2\/users\/1"}],"replies":[{"embeddable":true,"href":"https:\/\/www.schnaps.co.at\/de\/wp-json\/wp\/v2\/comments?post=58"}],"version-history":[{"count":1,"href":"https:\/\/www.schnaps.co.at\/de\/wp-json\/wp\/v2\/pages\/58\/revisions"}],"predecessor-version":[{"id":59,"href":"https:\/\/www.schnaps.co.at\/de\/wp-json\/wp\/v2\/pages\/58\/revisions\/59"}],"up":[{"embeddable":true,"href":"https:\/\/www.schnaps.co.at\/de\/wp-json\/wp\/v2\/pages\/37"}],"wp:attachment":[{"href":"https:\/\/www.schnaps.co.at\/de\/wp-json\/wp\/v2\/media?parent=58"}],"curies":[{"name":"wp","href":"https:\/\/api.w.org\/{rel}","templated":true}]}}